{"id":80,"date":"2023-05-10T10:00:49","date_gmt":"2023-05-10T10:00:49","guid":{"rendered":"https:\/\/acttogether.lu\/?page_id=80"},"modified":"2024-07-11T17:57:07","modified_gmt":"2024-07-11T15:57:07","slug":"actualites","status":"publish","type":"page","link":"https:\/\/acttogether.lu\/lu\/infomann\/actualites\/","title":{"rendered":"Actualit\u00e9s infoMann"},"content":{"rendered":"<div data-elementor-type=\"wp-page\" data-elementor-id=\"80\" class=\"elementor elementor-80\" data-elementor-post-type=\"page\">\n\t\t\t\t\t\t<section class=\"elementor-section elementor-top-section elementor-element elementor-element-42eae5c elementor-section-boxed elementor-section-height-default elementor-section-height-default\" data-id=\"42eae5c\" data-element_type=\"section\" data-e-type=\"section\" data-settings=\"{&quot;background_background&quot;:&quot;classic&quot;}\">\n\t\t\t\t\t\t\t<div class=\"elementor-background-overlay\"><\/div>\n\t\t\t\t\t\t\t<div class=\"elementor-container elementor-column-gap-no\">\n\t\t\t\t\t<div class=\"elementor-column elementor-col-100 elementor-top-column elementor-element elementor-element-16bb245\" data-id=\"16bb245\" data-element_type=\"column\" data-e-type=\"column\">\n\t\t\t<div class=\"elementor-widget-wrap elementor-element-populated\">\n\t\t\t\t\t\t<div class=\"elementor-element elementor-element-1c6a9c8 elementor-headline--style-highlight elementor-widget elementor-widget-animated-headline\" data-id=\"1c6a9c8\" data-element_type=\"widget\" data-e-type=\"widget\" data-settings=\"{&quot;marker&quot;:&quot;underline&quot;,&quot;highlighted_text&quot;:&quot;Actualit\\u00e9s&quot;,&quot;headline_style&quot;:&quot;highlight&quot;,&quot;highlight_animation_duration&quot;:1200}\" data-widget_type=\"animated-headline.default\">\n\t\t\t\t<div class=\"elementor-widget-container\">\n\t\t\t\t\t\t\t<h1 class=\"elementor-headline\">\n\t\t\t\t<span class=\"elementor-headline-dynamic-wrapper elementor-headline-text-wrapper\">\n\t\t\t\t\t<span class=\"elementor-headline-dynamic-text elementor-headline-text-active\">Aktualit\u00e9iten<\/span>\n\t\t\t\t<\/span>\n\t\t\t\t<\/h1>\n\t\t\t\t\t\t<\/div>\n\t\t\t\t<\/div>\n\t\t\t\t\t<\/div>\n\t\t<\/div>\n\t\t\t\t\t<\/div>\n\t\t<\/section>\n\t\t\t\t<section class=\"elementor-section elementor-top-section elementor-element elementor-element-d355b25 elementor-section-boxed elementor-section-height-default elementor-section-height-default\" data-id=\"d355b25\" data-element_type=\"section\" data-e-type=\"section\">\n\t\t\t\t\t\t<div class=\"elementor-container elementor-column-gap-no\">\n\t\t\t\t\t<div class=\"elementor-column elementor-col-100 elementor-top-column elementor-element elementor-element-283908d\" data-id=\"283908d\" data-element_type=\"column\" data-e-type=\"column\">\n\t\t\t<div class=\"elementor-widget-wrap elementor-element-populated\">\n\t\t\t\t\t\t<div class=\"elementor-element elementor-element-84655ca elementor-grid-1 elementor-posts--thumbnail-left elementor-grid-tablet-1 elementor-grid-mobile-1 elementor-widget elementor-widget-posts\" data-id=\"84655ca\" data-element_type=\"widget\" data-e-type=\"widget\" data-settings=\"{&quot;classic_columns&quot;:&quot;1&quot;,&quot;classic_row_gap&quot;:{&quot;unit&quot;:&quot;px&quot;,&quot;size&quot;:30,&quot;sizes&quot;:[]},&quot;classic_columns_tablet&quot;:&quot;1&quot;,&quot;classic_columns_mobile&quot;:&quot;1&quot;,&quot;classic_row_gap_laptop&quot;:{&quot;unit&quot;:&quot;px&quot;,&quot;size&quot;:&quot;&quot;,&quot;sizes&quot;:[]},&quot;classic_row_gap_tablet&quot;:{&quot;unit&quot;:&quot;px&quot;,&quot;size&quot;:&quot;&quot;,&quot;sizes&quot;:[]},&quot;classic_row_gap_mobile&quot;:{&quot;unit&quot;:&quot;px&quot;,&quot;size&quot;:&quot;&quot;,&quot;sizes&quot;:[]}}\" data-widget_type=\"posts.classic\">\n\t\t\t\t<div class=\"elementor-widget-container\">\n\t\t\t\t\t\t\t<div class=\"elementor-posts-container elementor-posts elementor-posts--skin-classic elementor-grid\" role=\"list\">\n\t\t\t\t<article class=\"elementor-post elementor-grid-item post-6096 post type-post status-publish format-standard hentry category-infomann\" role=\"listitem\">\n\t\t\t\t<div class=\"elementor-post__text\">\n\t\t\t\t<h3 class=\"elementor-post__title\">\n\t\t\t<a href=\"https:\/\/acttogether.lu\/lu\/infomann\/events-au-novembre\/\" >\n\t\t\t\tEvents am November\t\t\t<\/a>\n\t\t<\/h3>\n\t\t\t\t<div class=\"elementor-post__meta-data\">\n\t\t\t\t\t<span class=\"elementor-post-date\">\n\t\t\t17 November, 2025\t\t<\/span>\n\t\t\t\t<\/div>\n\t\t\t\t<div class=\"elementor-post__excerpt\">\n\t\t\t<p>S\u00e4it e puer Joer ass den infoMann emmer m\u00e9i pr\u00e4sent bei Evenementer ronderem dem internationalen M\u00e4nnerdag den 19. November.<\/p>\n\t\t<\/div>\n\t\t\n\t\t<a class=\"elementor-post__read-more\" href=\"https:\/\/acttogether.lu\/lu\/infomann\/events-au-novembre\/\" aria-label=\"Read more about Events au Novembre\" tabindex=\"-1\" >\n\t\t\tWeider Artikelen \u00bb\t\t<\/a>\n\n\t\t\t\t<\/div>\n\t\t\t\t<\/article>\n\t\t\t\t<\/div>\n\t\t\n\t\t\t\t\t\t<\/div>\n\t\t\t\t<\/div>\n\t\t\t\t<div class=\"elementor-element elementor-element-5bbe0acc elementor-grid-tablet-1 elementor-grid-3 elementor-grid-mobile-1 elementor-posts--thumbnail-top elementor-widget elementor-widget-posts\" data-id=\"5bbe0acc\" data-element_type=\"widget\" data-e-type=\"widget\" data-settings=\"{&quot;classic_row_gap&quot;:{&quot;unit&quot;:&quot;px&quot;,&quot;size&quot;:60,&quot;sizes&quot;:[]},&quot;classic_columns_tablet&quot;:&quot;1&quot;,&quot;pagination_type&quot;:&quot;numbers_and_prev_next&quot;,&quot;classic_columns&quot;:&quot;3&quot;,&quot;classic_columns_mobile&quot;:&quot;1&quot;,&quot;classic_row_gap_laptop&quot;:{&quot;unit&quot;:&quot;px&quot;,&quot;size&quot;:&quot;&quot;,&quot;sizes&quot;:[]},&quot;classic_row_gap_tablet&quot;:{&quot;unit&quot;:&quot;px&quot;,&quot;size&quot;:&quot;&quot;,&quot;sizes&quot;:[]},&quot;classic_row_gap_mobile&quot;:{&quot;unit&quot;:&quot;px&quot;,&quot;size&quot;:&quot;&quot;,&quot;sizes&quot;:[]}}\" data-widget_type=\"posts.classic\">\n\t\t\t\t<div class=\"elementor-widget-container\">\n\t\t\t\t\t\t\t<div class=\"elementor-posts-container elementor-posts elementor-posts--skin-classic elementor-grid\" role=\"list\">\n\t\t\t\t<article class=\"elementor-post elementor-grid-item post-5898 post type-post status-publish format-standard hentry category-infomann\" role=\"listitem\">\n\t\t\t\t<div class=\"elementor-post__text\">\n\t\t\t\t<h3 class=\"elementor-post__title\">\n\t\t\t<a href=\"https:\/\/acttogether.lu\/lu\/infomann\/article-was-jungen-brauchen\/\" >\n\t\t\t\tArtikel: \"Was Jungen brauchen\"\t\t\t<\/a>\n\t\t<\/h3>\n\t\t\t\t<div class=\"elementor-post__meta-data\">\n\t\t\t\t\t<span class=\"elementor-post-date\">\n\t\t\t13 June, 2025\t\t<\/span>\n\t\t\t\t<\/div>\n\t\t\n\t\t<a class=\"elementor-post__read-more\" href=\"https:\/\/acttogether.lu\/lu\/infomann\/article-was-jungen-brauchen\/\" aria-label=\"Read more about Article: \u00ab\u00a0Was Jungen brauchen\u00a0\u00bb\" tabindex=\"-1\" >\n\t\t\tRead More \u00bb\t\t<\/a>\n\n\t\t\t\t<\/div>\n\t\t\t\t<\/article>\n\t\t\t\t<article class=\"elementor-post elementor-grid-item post-5522 post type-post status-publish format-standard has-post-thumbnail hentry category-infomann\" role=\"listitem\">\n\t\t\t\t<a class=\"elementor-post__thumbnail__link\" href=\"https:\/\/acttogether.lu\/lu\/infomann\/le-consentement-sexuel\/\" tabindex=\"-1\" >\n\t\t\t<div class=\"elementor-post__thumbnail\"><img fetchpriority=\"high\" decoding=\"async\" width=\"768\" height=\"768\" src=\"https:\/\/acttogether.lu\/wp-content\/uploads\/2024\/08\/Sexuelle-Consentement-768x768.png\" class=\"attachment-medium_large size-medium_large wp-image-5549\" alt=\"\" srcset=\"https:\/\/acttogether.lu\/wp-content\/uploads\/2024\/08\/Sexuelle-Consentement-768x768.png 768w, https:\/\/acttogether.lu\/wp-content\/uploads\/2024\/08\/Sexuelle-Consentement-300x300.png 300w, https:\/\/acttogether.lu\/wp-content\/uploads\/2024\/08\/Sexuelle-Consentement-1024x1024.png 1024w, https:\/\/acttogether.lu\/wp-content\/uploads\/2024\/08\/Sexuelle-Consentement-150x150.png 150w, https:\/\/acttogether.lu\/wp-content\/uploads\/2024\/08\/Sexuelle-Consentement-12x12.png 12w, https:\/\/acttogether.lu\/wp-content\/uploads\/2024\/08\/Sexuelle-Consentement.png 1080w\" sizes=\"(max-width: 768px) 100vw, 768px\" \/><\/div>\n\t\t<\/a>\n\t\t\t\t<div class=\"elementor-post__text\">\n\t\t\t\t<h3 class=\"elementor-post__title\">\n\t\t\t<a href=\"https:\/\/acttogether.lu\/lu\/infomann\/le-consentement-sexuel\/\" >\n\t\t\t\tSexuell Zoust\u00ebmmung\t\t\t<\/a>\n\t\t<\/h3>\n\t\t\t\t<div class=\"elementor-post__meta-data\">\n\t\t\t\t\t<span class=\"elementor-post-date\">\n\t\t\t28 August, 2024\t\t<\/span>\n\t\t\t\t<\/div>\n\t\t\n\t\t<a class=\"elementor-post__read-more\" href=\"https:\/\/acttogether.lu\/lu\/infomann\/le-consentement-sexuel\/\" aria-label=\"Read more about Le Consentement sexuel\" tabindex=\"-1\" >\n\t\t\tRead More \u00bb\t\t<\/a>\n\n\t\t\t\t<\/div>\n\t\t\t\t<\/article>\n\t\t\t\t<article class=\"elementor-post elementor-grid-item post-5478 post type-post status-publish format-standard has-post-thumbnail hentry category-infomann\" role=\"listitem\">\n\t\t\t\t<a class=\"elementor-post__thumbnail__link\" href=\"https:\/\/acttogether.lu\/lu\/infomann\/la-pride-week\/\" tabindex=\"-1\" >\n\t\t\t<div class=\"elementor-post__thumbnail\"><img decoding=\"async\" width=\"768\" height=\"768\" src=\"https:\/\/acttogether.lu\/wp-content\/uploads\/2024\/07\/Pride-Month-768x768.jpg\" class=\"attachment-medium_large size-medium_large wp-image-5494\" alt=\"\" srcset=\"https:\/\/acttogether.lu\/wp-content\/uploads\/2024\/07\/Pride-Month-768x768.jpg 768w, https:\/\/acttogether.lu\/wp-content\/uploads\/2024\/07\/Pride-Month-300x300.jpg 300w, https:\/\/acttogether.lu\/wp-content\/uploads\/2024\/07\/Pride-Month-1024x1024.jpg 1024w, https:\/\/acttogether.lu\/wp-content\/uploads\/2024\/07\/Pride-Month-150x150.jpg 150w, https:\/\/acttogether.lu\/wp-content\/uploads\/2024\/07\/Pride-Month-12x12.jpg 12w, https:\/\/acttogether.lu\/wp-content\/uploads\/2024\/07\/Pride-Month.jpg 1200w\" sizes=\"(max-width: 768px) 100vw, 768px\" \/><\/div>\n\t\t<\/a>\n\t\t\t\t<div class=\"elementor-post__text\">\n\t\t\t\t<h3 class=\"elementor-post__title\">\n\t\t\t<a href=\"https:\/\/acttogether.lu\/lu\/infomann\/la-pride-week\/\" >\n\t\t\t\tD'Pride Week\t\t\t<\/a>\n\t\t<\/h3>\n\t\t\t\t<div class=\"elementor-post__meta-data\">\n\t\t\t\t\t<span class=\"elementor-post-date\">\n\t\t\t29 July, 2024\t\t<\/span>\n\t\t\t\t<\/div>\n\t\t\n\t\t<a class=\"elementor-post__read-more\" href=\"https:\/\/acttogether.lu\/lu\/infomann\/la-pride-week\/\" aria-label=\"Read more about La Pride Week\" tabindex=\"-1\" >\n\t\t\tRead More \u00bb\t\t<\/a>\n\n\t\t\t\t<\/div>\n\t\t\t\t<\/article>\n\t\t\t\t<article class=\"elementor-post elementor-grid-item post-5445 post type-post status-publish format-standard has-post-thumbnail hentry category-infomann\" role=\"listitem\">\n\t\t\t\t<a class=\"elementor-post__thumbnail__link\" href=\"https:\/\/acttogether.lu\/lu\/infomann\/paternite\/\" tabindex=\"-1\" >\n\t\t\t<div class=\"elementor-post__thumbnail\"><img decoding=\"async\" width=\"768\" height=\"768\" src=\"https:\/\/acttogether.lu\/wp-content\/uploads\/2024\/06\/Pappeschaft-webseit-768x768.jpg\" class=\"attachment-medium_large size-medium_large wp-image-5457\" alt=\"\" srcset=\"https:\/\/acttogether.lu\/wp-content\/uploads\/2024\/06\/Pappeschaft-webseit-768x768.jpg 768w, https:\/\/acttogether.lu\/wp-content\/uploads\/2024\/06\/Pappeschaft-webseit-300x300.jpg 300w, https:\/\/acttogether.lu\/wp-content\/uploads\/2024\/06\/Pappeschaft-webseit-1024x1024.jpg 1024w, https:\/\/acttogether.lu\/wp-content\/uploads\/2024\/06\/Pappeschaft-webseit-150x150.jpg 150w, https:\/\/acttogether.lu\/wp-content\/uploads\/2024\/06\/Pappeschaft-webseit-12x12.jpg 12w, https:\/\/acttogether.lu\/wp-content\/uploads\/2024\/06\/Pappeschaft-webseit.jpg 1200w\" sizes=\"(max-width: 768px) 100vw, 768px\" \/><\/div>\n\t\t<\/a>\n\t\t\t\t<div class=\"elementor-post__text\">\n\t\t\t\t<h3 class=\"elementor-post__title\">\n\t\t\t<a href=\"https:\/\/acttogether.lu\/lu\/infomann\/paternite\/\" >\n\t\t\t\tPappeschaft\t\t\t<\/a>\n\t\t<\/h3>\n\t\t\t\t<div class=\"elementor-post__meta-data\">\n\t\t\t\t\t<span class=\"elementor-post-date\">\n\t\t\t28 June, 2024\t\t<\/span>\n\t\t\t\t<\/div>\n\t\t\n\t\t<a class=\"elementor-post__read-more\" href=\"https:\/\/acttogether.lu\/lu\/infomann\/paternite\/\" aria-label=\"Read more about Paternit\u00e9\" tabindex=\"-1\" >\n\t\t\tRead More \u00bb\t\t<\/a>\n\n\t\t\t\t<\/div>\n\t\t\t\t<\/article>\n\t\t\t\t<article class=\"elementor-post elementor-grid-item post-4361 post type-post status-publish format-standard has-post-thumbnail hentry category-infomann\" role=\"listitem\">\n\t\t\t\t<a class=\"elementor-post__thumbnail__link\" href=\"https:\/\/acttogether.lu\/lu\/infomann\/rencontrez-lequipe-dinfomann\/\" tabindex=\"-1\" >\n\t\t\t<div class=\"elementor-post__thumbnail\"><img loading=\"lazy\" decoding=\"async\" width=\"768\" height=\"768\" src=\"https:\/\/acttogether.lu\/wp-content\/uploads\/2023\/08\/infomann-equipe-768x768.jpg\" class=\"attachment-medium_large size-medium_large wp-image-4580\" alt=\"\" srcset=\"https:\/\/acttogether.lu\/wp-content\/uploads\/2023\/08\/infomann-equipe-768x768.jpg 768w, https:\/\/acttogether.lu\/wp-content\/uploads\/2023\/08\/infomann-equipe-300x300.jpg 300w, https:\/\/acttogether.lu\/wp-content\/uploads\/2023\/08\/infomann-equipe-1024x1024.jpg 1024w, https:\/\/acttogether.lu\/wp-content\/uploads\/2023\/08\/infomann-equipe-150x150.jpg 150w, https:\/\/acttogether.lu\/wp-content\/uploads\/2023\/08\/infomann-equipe.jpg 1200w\" sizes=\"(max-width: 768px) 100vw, 768px\" \/><\/div>\n\t\t<\/a>\n\t\t\t\t<div class=\"elementor-post__text\">\n\t\t\t\t<h3 class=\"elementor-post__title\">\n\t\t\t<a href=\"https:\/\/acttogether.lu\/lu\/infomann\/rencontrez-lequipe-dinfomann\/\" >\n\t\t\t\tTrefft d\u2018Ekipp vum infoMann\u00a0!\t\t\t<\/a>\n\t\t<\/h3>\n\t\t\t\t<div class=\"elementor-post__meta-data\">\n\t\t\t\t\t<span class=\"elementor-post-date\">\n\t\t\t13 August, 2023\t\t<\/span>\n\t\t\t\t<\/div>\n\t\t\n\t\t<a class=\"elementor-post__read-more\" href=\"https:\/\/acttogether.lu\/lu\/infomann\/rencontrez-lequipe-dinfomann\/\" aria-label=\"Read more about Rencontrez l\u2019\u00e9quipe d\u2019infoMann!\" tabindex=\"-1\" >\n\t\t\tRead More \u00bb\t\t<\/a>\n\n\t\t\t\t<\/div>\n\t\t\t\t<\/article>\n\t\t\t\t<\/div>\n\t\t\n\t\t\t\t\t\t<\/div>\n\t\t\t\t<\/div>\n\t\t\t\t\t<\/div>\n\t\t<\/div>\n\t\t\t\t\t<\/div>\n\t\t<\/section>\n\t\t\t\t<\/div>","protected":false},"excerpt":{"rendered":"<p>Aktualit\u00e9iten<\/p>","protected":false},"author":1,"featured_media":4580,"parent":1801,"menu_order":0,"comment_status":"closed","ping_status":"closed","template":"elementor_header_footer","meta":{"footnotes":""},"class_list":["post-80","page","type-page","status-publish","has-post-thumbnail","hentry"],"yoast_head":"<!-- This site is optimized with the Yoast SEO plugin v27.3 - https:\/\/yoast.com\/product\/yoast-seo-wordpress\/ -->\n<title>Actualit\u00e9s infoMann - actTogether<\/title>\n<meta name=\"robots\" content=\"index, follow, max-snippet:-1, max-image-preview:large, max-video-preview:-1\" \/>\n<link rel=\"canonical\" href=\"https:\/\/acttogether.lu\/lu\/infomann\/actualites\/\" \/>\n<meta property=\"og:locale\" content=\"en_US\" \/>\n<meta property=\"og:type\" content=\"article\" \/>\n<meta property=\"og:title\" content=\"Actualit\u00e9s infoMann - actTogether\" \/>\n<meta property=\"og:description\" content=\"Actualit\u00e9s\" \/>\n<meta property=\"og:url\" content=\"https:\/\/acttogether.lu\/lu\/infomann\/actualites\/\" \/>\n<meta property=\"og:site_name\" content=\"actTogether\" \/>\n<meta property=\"article:modified_time\" content=\"2024-07-11T15:57:07+00:00\" \/>\n<meta property=\"og:image\" content=\"https:\/\/acttogether.lu\/wp-content\/uploads\/2023\/08\/infomann-equipe.jpg\" \/>\n\t<meta property=\"og:image:width\" content=\"1200\" \/>\n\t<meta property=\"og:image:height\" content=\"1200\" \/>\n\t<meta property=\"og:image:type\" content=\"image\/jpeg\" \/>\n<meta name=\"twitter:card\" content=\"summary_large_image\" \/>\n<meta name=\"twitter:label1\" content=\"Est. reading time\" \/>\n\t<meta name=\"twitter:data1\" content=\"2 minutes\" \/>\n<script type=\"application\/ld+json\" class=\"yoast-schema-graph\">{\"@context\":\"https:\\\/\\\/schema.org\",\"@graph\":[{\"@type\":\"WebPage\",\"@id\":\"https:\\\/\\\/acttogether.lu\\\/infomann\\\/actualites\\\/\",\"url\":\"https:\\\/\\\/acttogether.lu\\\/infomann\\\/actualites\\\/\",\"name\":\"Actualit\u00e9s infoMann - actTogether\",\"isPartOf\":{\"@id\":\"https:\\\/\\\/acttogether.lu\\\/#website\"},\"primaryImageOfPage\":{\"@id\":\"https:\\\/\\\/acttogether.lu\\\/infomann\\\/actualites\\\/#primaryimage\"},\"image\":{\"@id\":\"https:\\\/\\\/acttogether.lu\\\/infomann\\\/actualites\\\/#primaryimage\"},\"thumbnailUrl\":\"https:\\\/\\\/acttogether.lu\\\/wp-content\\\/uploads\\\/2023\\\/08\\\/infomann-equipe.jpg\",\"datePublished\":\"2023-05-10T10:00:49+00:00\",\"dateModified\":\"2024-07-11T15:57:07+00:00\",\"breadcrumb\":{\"@id\":\"https:\\\/\\\/acttogether.lu\\\/infomann\\\/actualites\\\/#breadcrumb\"},\"inLanguage\":\"lu-LU\",\"potentialAction\":[{\"@type\":\"ReadAction\",\"target\":[\"https:\\\/\\\/acttogether.lu\\\/infomann\\\/actualites\\\/\"]}]},{\"@type\":\"ImageObject\",\"inLanguage\":\"lu-LU\",\"@id\":\"https:\\\/\\\/acttogether.lu\\\/infomann\\\/actualites\\\/#primaryimage\",\"url\":\"https:\\\/\\\/acttogether.lu\\\/wp-content\\\/uploads\\\/2023\\\/08\\\/infomann-equipe.jpg\",\"contentUrl\":\"https:\\\/\\\/acttogether.lu\\\/wp-content\\\/uploads\\\/2023\\\/08\\\/infomann-equipe.jpg\",\"width\":1200,\"height\":1200},{\"@type\":\"BreadcrumbList\",\"@id\":\"https:\\\/\\\/acttogether.lu\\\/infomann\\\/actualites\\\/#breadcrumb\",\"itemListElement\":[{\"@type\":\"ListItem\",\"position\":1,\"name\":\"Home\",\"item\":\"https:\\\/\\\/acttogether.lu\\\/\"},{\"@type\":\"ListItem\",\"position\":2,\"name\":\"infoMann\",\"item\":\"https:\\\/\\\/acttogether.lu\\\/infomann\\\/\"},{\"@type\":\"ListItem\",\"position\":3,\"name\":\"Actualit\u00e9s infoMann\"}]},{\"@type\":\"WebSite\",\"@id\":\"https:\\\/\\\/acttogether.lu\\\/#website\",\"url\":\"https:\\\/\\\/acttogether.lu\\\/\",\"name\":\"actTogether\",\"description\":\"Soutien des familles et des personnes en difficult\u00e9 &amp; \u00e9galit\u00e9 des genres\",\"publisher\":{\"@id\":\"https:\\\/\\\/acttogether.lu\\\/#organization\"},\"potentialAction\":[{\"@type\":\"SearchAction\",\"target\":{\"@type\":\"EntryPoint\",\"urlTemplate\":\"https:\\\/\\\/acttogether.lu\\\/?s={search_term_string}\"},\"query-input\":{\"@type\":\"PropertyValueSpecification\",\"valueRequired\":true,\"valueName\":\"search_term_string\"}}],\"inLanguage\":\"lu-LU\"},{\"@type\":\"Organization\",\"@id\":\"https:\\\/\\\/acttogether.lu\\\/#organization\",\"name\":\"actTogether\",\"url\":\"https:\\\/\\\/acttogether.lu\\\/\",\"logo\":{\"@type\":\"ImageObject\",\"inLanguage\":\"lu-LU\",\"@id\":\"https:\\\/\\\/acttogether.lu\\\/#\\\/schema\\\/logo\\\/image\\\/\",\"url\":\"https:\\\/\\\/acttogether.lu\\\/wp-content\\\/uploads\\\/2023\\\/05\\\/actTogether.png\",\"contentUrl\":\"https:\\\/\\\/acttogether.lu\\\/wp-content\\\/uploads\\\/2023\\\/05\\\/actTogether.png\",\"width\":600,\"height\":172,\"caption\":\"actTogether\"},\"image\":{\"@id\":\"https:\\\/\\\/acttogether.lu\\\/#\\\/schema\\\/logo\\\/image\\\/\"}}]}<\/script>\n<!-- \/ Yoast SEO plugin. -->","yoast_head_json":{"title":"Actualit\u00e9s infoMann - actTogether","robots":{"index":"index","follow":"follow","max-snippet":"max-snippet:-1","max-image-preview":"max-image-preview:large","max-video-preview":"max-video-preview:-1"},"canonical":"https:\/\/acttogether.lu\/lu\/infomann\/actualites\/","og_locale":"en_US","og_type":"article","og_title":"Actualit\u00e9s infoMann - actTogether","og_description":"Actualit\u00e9s","og_url":"https:\/\/acttogether.lu\/lu\/infomann\/actualites\/","og_site_name":"actTogether","article_modified_time":"2024-07-11T15:57:07+00:00","og_image":[{"width":1200,"height":1200,"url":"https:\/\/acttogether.lu\/wp-content\/uploads\/2023\/08\/infomann-equipe.jpg","type":"image\/jpeg"}],"twitter_card":"summary_large_image","twitter_misc":{"Est. reading time":"2 minutes"},"schema":{"@context":"https:\/\/schema.org","@graph":[{"@type":"WebPage","@id":"https:\/\/acttogether.lu\/infomann\/actualites\/","url":"https:\/\/acttogether.lu\/infomann\/actualites\/","name":"Actualit\u00e9s infoMann - actTogether","isPartOf":{"@id":"https:\/\/acttogether.lu\/#website"},"primaryImageOfPage":{"@id":"https:\/\/acttogether.lu\/infomann\/actualites\/#primaryimage"},"image":{"@id":"https:\/\/acttogether.lu\/infomann\/actualites\/#primaryimage"},"thumbnailUrl":"https:\/\/acttogether.lu\/wp-content\/uploads\/2023\/08\/infomann-equipe.jpg","datePublished":"2023-05-10T10:00:49+00:00","dateModified":"2024-07-11T15:57:07+00:00","breadcrumb":{"@id":"https:\/\/acttogether.lu\/infomann\/actualites\/#breadcrumb"},"inLanguage":"lu-LU","potentialAction":[{"@type":"ReadAction","target":["https:\/\/acttogether.lu\/infomann\/actualites\/"]}]},{"@type":"ImageObject","inLanguage":"lu-LU","@id":"https:\/\/acttogether.lu\/infomann\/actualites\/#primaryimage","url":"https:\/\/acttogether.lu\/wp-content\/uploads\/2023\/08\/infomann-equipe.jpg","contentUrl":"https:\/\/acttogether.lu\/wp-content\/uploads\/2023\/08\/infomann-equipe.jpg","width":1200,"height":1200},{"@type":"BreadcrumbList","@id":"https:\/\/acttogether.lu\/infomann\/actualites\/#breadcrumb","itemListElement":[{"@type":"ListItem","position":1,"name":"Home","item":"https:\/\/acttogether.lu\/"},{"@type":"ListItem","position":2,"name":"infoMann","item":"https:\/\/acttogether.lu\/infomann\/"},{"@type":"ListItem","position":3,"name":"Actualit\u00e9s infoMann"}]},{"@type":"WebSite","@id":"https:\/\/acttogether.lu\/#website","url":"https:\/\/acttogether.lu\/","name":"actTogether","description":"Soutien des familles et des personnes en difficult\u00e9 &amp; \u00e9galit\u00e9 des genres","publisher":{"@id":"https:\/\/acttogether.lu\/#organization"},"potentialAction":[{"@type":"SearchAction","target":{"@type":"EntryPoint","urlTemplate":"https:\/\/acttogether.lu\/?s={search_term_string}"},"query-input":{"@type":"PropertyValueSpecification","valueRequired":true,"valueName":"search_term_string"}}],"inLanguage":"lu-LU"},{"@type":"Organization","@id":"https:\/\/acttogether.lu\/#organization","name":"actTogether","url":"https:\/\/acttogether.lu\/","logo":{"@type":"ImageObject","inLanguage":"lu-LU","@id":"https:\/\/acttogether.lu\/#\/schema\/logo\/image\/","url":"https:\/\/acttogether.lu\/wp-content\/uploads\/2023\/05\/actTogether.png","contentUrl":"https:\/\/acttogether.lu\/wp-content\/uploads\/2023\/05\/actTogether.png","width":600,"height":172,"caption":"actTogether"},"image":{"@id":"https:\/\/acttogether.lu\/#\/schema\/logo\/image\/"}}]}},"_links":{"self":[{"href":"https:\/\/acttogether.lu\/lu\/wp-json\/wp\/v2\/pages\/80","targetHints":{"allow":["GET"]}}],"collection":[{"href":"https:\/\/acttogether.lu\/lu\/wp-json\/wp\/v2\/pages"}],"about":[{"href":"https:\/\/acttogether.lu\/lu\/wp-json\/wp\/v2\/types\/page"}],"author":[{"embeddable":true,"href":"https:\/\/acttogether.lu\/lu\/wp-json\/wp\/v2\/users\/1"}],"replies":[{"embeddable":true,"href":"https:\/\/acttogether.lu\/lu\/wp-json\/wp\/v2\/comments?post=80"}],"version-history":[{"count":316,"href":"https:\/\/acttogether.lu\/lu\/wp-json\/wp\/v2\/pages\/80\/revisions"}],"predecessor-version":[{"id":5468,"href":"https:\/\/acttogether.lu\/lu\/wp-json\/wp\/v2\/pages\/80\/revisions\/5468"}],"up":[{"embeddable":true,"href":"https:\/\/acttogether.lu\/lu\/wp-json\/wp\/v2\/pages\/1801"}],"wp:featuredmedia":[{"embeddable":true,"href":"https:\/\/acttogether.lu\/lu\/wp-json\/wp\/v2\/media\/4580"}],"wp:attachment":[{"href":"https:\/\/acttogether.lu\/lu\/wp-json\/wp\/v2\/media?parent=80"}],"curies":[{"name":"wp","href":"https:\/\/api.w.org\/{rel}","templated":true}]}}