{"id":2147,"date":"2023-05-19T18:27:10","date_gmt":"2023-05-19T18:27:10","guid":{"rendered":"https:\/\/acttogether.lu\/?page_id=2147"},"modified":"2023-10-28T00:11:46","modified_gmt":"2023-10-27T22:11:46","slug":"convention-distanbul","status":"publish","type":"page","link":"https:\/\/acttogether.lu\/lu\/infomann\/convention-distanbul\/","title":{"rendered":"Convention d&rsquo;Istanbul"},"content":{"rendered":"\t\t<div data-elementor-type=\"wp-page\" data-elementor-id=\"2147\" class=\"elementor elementor-2147\" data-elementor-post-type=\"page\">\n\t\t\t\t\t\t<section class=\"elementor-section elementor-top-section elementor-element elementor-element-e349c26 elementor-section-boxed elementor-section-height-default elementor-section-height-default\" data-id=\"e349c26\" data-element_type=\"section\" data-e-type=\"section\" data-settings=\"{&quot;background_background&quot;:&quot;classic&quot;}\">\n\t\t\t\t\t\t\t<div class=\"elementor-background-overlay\"><\/div>\n\t\t\t\t\t\t\t<div class=\"elementor-container elementor-column-gap-no\">\n\t\t\t\t\t<div class=\"elementor-column elementor-col-100 elementor-top-column elementor-element elementor-element-70ef03d\" data-id=\"70ef03d\" data-element_type=\"column\" data-e-type=\"column\">\n\t\t\t<div class=\"elementor-widget-wrap elementor-element-populated\">\n\t\t\t\t\t\t<div class=\"elementor-element elementor-element-7fc687d elementor-headline--style-highlight elementor-widget elementor-widget-animated-headline\" data-id=\"7fc687d\" data-element_type=\"widget\" data-e-type=\"widget\" data-settings=\"{&quot;marker&quot;:&quot;underline&quot;,&quot;highlighted_text&quot;:&quot;Convention d&#039;Istanbul&quot;,&quot;headline_style&quot;:&quot;highlight&quot;,&quot;highlight_animation_duration&quot;:1200}\" data-widget_type=\"animated-headline.default\">\n\t\t\t\t<div class=\"elementor-widget-container\">\n\t\t\t\t\t\t\t<h1 class=\"elementor-headline\">\n\t\t\t\t<span class=\"elementor-headline-dynamic-wrapper elementor-headline-text-wrapper\">\n\t\t\t\t\t<span class=\"elementor-headline-dynamic-text elementor-headline-text-active\">Convention d'Istanbul<\/span>\n\t\t\t\t<\/span>\n\t\t\t\t<\/h1>\n\t\t\t\t\t\t<\/div>\n\t\t\t\t<\/div>\n\t\t\t\t<div class=\"elementor-element elementor-element-b0cc212 elementor-widget elementor-widget-image\" data-id=\"b0cc212\" data-element_type=\"widget\" data-e-type=\"widget\" data-widget_type=\"image.default\">\n\t\t\t\t<div class=\"elementor-widget-container\">\n\t\t\t\t\t\t\t\t\t\t\t\t\t\t\t<img fetchpriority=\"high\" decoding=\"async\" width=\"1920\" height=\"1000\" src=\"https:\/\/acttogether.lu\/wp-content\/uploads\/2023\/06\/men-support-color.jpg\" class=\"attachment-full size-full wp-image-4012\" alt=\"\" srcset=\"https:\/\/acttogether.lu\/wp-content\/uploads\/2023\/06\/men-support-color.jpg 1920w, https:\/\/acttogether.lu\/wp-content\/uploads\/2023\/06\/men-support-color-300x156.jpg 300w, https:\/\/acttogether.lu\/wp-content\/uploads\/2023\/06\/men-support-color-1024x533.jpg 1024w, https:\/\/acttogether.lu\/wp-content\/uploads\/2023\/06\/men-support-color-768x400.jpg 768w, https:\/\/acttogether.lu\/wp-content\/uploads\/2023\/06\/men-support-color-1536x800.jpg 1536w\" sizes=\"(max-width: 1920px) 100vw, 1920px\" \/>\t\t\t\t\t\t\t\t\t\t\t\t\t\t\t<\/div>\n\t\t\t\t<\/div>\n\t\t\t\t<div class=\"elementor-element elementor-element-0b7587c elementor-widget__width-initial elementor-absolute elementor-widget-mobile__width-initial elementor-widget elementor-widget-spacer\" data-id=\"0b7587c\" data-element_type=\"widget\" data-e-type=\"widget\" data-settings=\"{&quot;_position&quot;:&quot;absolute&quot;,&quot;motion_fx_motion_fx_scrolling&quot;:&quot;yes&quot;,&quot;motion_fx_translateY_effect&quot;:&quot;yes&quot;,&quot;motion_fx_translateY_direction&quot;:&quot;negative&quot;,&quot;motion_fx_devices&quot;:[&quot;desktop&quot;,&quot;laptop&quot;],&quot;motion_fx_translateY_speed&quot;:{&quot;unit&quot;:&quot;px&quot;,&quot;size&quot;:4,&quot;sizes&quot;:[]},&quot;motion_fx_translateY_affectedRange&quot;:{&quot;unit&quot;:&quot;%&quot;,&quot;size&quot;:&quot;&quot;,&quot;sizes&quot;:{&quot;start&quot;:0,&quot;end&quot;:100}}}\" data-widget_type=\"spacer.default\">\n\t\t\t\t<div class=\"elementor-widget-container\">\n\t\t\t\t\t\t\t<div class=\"elementor-spacer\">\n\t\t\t<div class=\"elementor-spacer-inner\"><\/div>\n\t\t<\/div>\n\t\t\t\t\t\t<\/div>\n\t\t\t\t<\/div>\n\t\t\t\t<div class=\"elementor-element elementor-element-63aae1b elementor-widget__width-initial elementor-absolute elementor-widget-mobile__width-initial elementor-widget elementor-widget-spacer\" data-id=\"63aae1b\" data-element_type=\"widget\" data-e-type=\"widget\" data-settings=\"{&quot;_position&quot;:&quot;absolute&quot;,&quot;motion_fx_motion_fx_scrolling&quot;:&quot;yes&quot;,&quot;motion_fx_translateY_effect&quot;:&quot;yes&quot;,&quot;motion_fx_translateY_direction&quot;:&quot;negative&quot;,&quot;motion_fx_devices&quot;:[&quot;desktop&quot;,&quot;laptop&quot;],&quot;motion_fx_translateY_speed&quot;:{&quot;unit&quot;:&quot;px&quot;,&quot;size&quot;:5,&quot;sizes&quot;:[]},&quot;motion_fx_translateY_affectedRange&quot;:{&quot;unit&quot;:&quot;%&quot;,&quot;size&quot;:&quot;&quot;,&quot;sizes&quot;:{&quot;start&quot;:0,&quot;end&quot;:100}}}\" data-widget_type=\"spacer.default\">\n\t\t\t\t<div class=\"elementor-widget-container\">\n\t\t\t\t\t\t\t<div class=\"elementor-spacer\">\n\t\t\t<div class=\"elementor-spacer-inner\"><\/div>\n\t\t<\/div>\n\t\t\t\t\t\t<\/div>\n\t\t\t\t<\/div>\n\t\t\t\t\t<\/div>\n\t\t<\/div>\n\t\t\t\t\t<\/div>\n\t\t<\/section>\n\t\t\t\t<section class=\"elementor-section elementor-top-section elementor-element elementor-element-8bfcf8a elementor-section-boxed elementor-section-height-default elementor-section-height-default\" data-id=\"8bfcf8a\" data-element_type=\"section\" data-e-type=\"section\" data-settings=\"{&quot;background_background&quot;:&quot;classic&quot;}\">\n\t\t\t\t\t\t<div class=\"elementor-container elementor-column-gap-no\">\n\t\t\t\t\t<div class=\"elementor-column elementor-col-100 elementor-top-column elementor-element elementor-element-e56fbbe\" data-id=\"e56fbbe\" data-element_type=\"column\" data-e-type=\"column\">\n\t\t\t<div class=\"elementor-widget-wrap elementor-element-populated\">\n\t\t\t\t\t\t<div class=\"elementor-element elementor-element-189240e elementor-widget elementor-widget-heading\" data-id=\"189240e\" data-element_type=\"widget\" data-e-type=\"widget\" data-widget_type=\"heading.default\">\n\t\t\t\t<div class=\"elementor-widget-container\">\n\t\t\t\t\t<h2 class=\"elementor-heading-title elementor-size-default\">Pr\u00e9venons les violences en \nen parlant !!!<\/h2>\t\t\t\t<\/div>\n\t\t\t\t<\/div>\n\t\t\t\t<div class=\"elementor-element elementor-element-6320f23 elementor-widget elementor-widget-text-editor\" data-id=\"6320f23\" data-element_type=\"widget\" data-e-type=\"widget\" data-widget_type=\"text-editor.default\">\n\t\t\t\t<div class=\"elementor-widget-container\">\n\t\t\t\t\t\t\t\t\t<p>D\u00e8s son pr\u00e9ambule, la convention du conseil de l&rsquo;Europe sur la pr\u00e9vention et la lutte contre la violence \u00e0 l&rsquo;\u00e9gard des femmes et la violence domestique, connue aussi comme la convention d&rsquo;Istanbul (CI), reconna\u00eet que \u00ab\u00a0&#8230;les hommes peuvent \u00e9galement \u00eatre victimes de violence domestique\u00a0\u00bb.<\/p><p>Par cons\u00e9quent, toutes les politiques, actions, proc\u00e9dures et autres strat\u00e9gies ayant pour but la lutte contre la violence domestique b\u00e9n\u00e9ficieront aux hommes au m\u00eame titre qu&rsquo;aux femmes. Le Luxembourg a ratifi\u00e9 la convention le 20 juillet 2018.<\/p><p>Dans les d\u00e9finitions qu&rsquo;elle propose, la CI pr\u00e9cise que \u00ab\u00a0le terme &lsquo;violence domestique&rsquo; d\u00e9signe tous les actes de violence physique, sexuelle, psychologique ou \u00e9conomique qui surviennent au sein de la famille ou du foyer ou entre des anciens ou actuels conjoints ou partenaires&#8230;\u00a0\u00bb.<\/p><p>Rares sont les hommes qui se pr\u00e9sentent dans notre service de consultations en se plaignant de violences relationnelles subies. A notre entendement, ceci pourrait indiquer:<\/p>\t\t\t\t\t\t\t\t<\/div>\n\t\t\t\t<\/div>\n\t\t\t\t<div class=\"elementor-element elementor-element-34ebdea elementor-icon-list--layout-traditional elementor-list-item-link-full_width elementor-widget elementor-widget-icon-list\" data-id=\"34ebdea\" data-element_type=\"widget\" data-e-type=\"widget\" data-widget_type=\"icon-list.default\">\n\t\t\t\t<div class=\"elementor-widget-container\">\n\t\t\t\t\t\t\t<ul class=\"elementor-icon-list-items\">\n\t\t\t\t\t\t\t<li class=\"elementor-icon-list-item\">\n\t\t\t\t\t\t\t\t\t\t\t<span class=\"elementor-icon-list-icon\">\n\t\t\t\t\t\t\t<i aria-hidden=\"true\" class=\"far fa-check-circle\"><\/i>\t\t\t\t\t\t<\/span>\n\t\t\t\t\t\t\t\t\t\t<span class=\"elementor-icon-list-text\">que les hommes peuvent avoir d'autres probl\u00e8mes encore que la violence<\/span>\n\t\t\t\t\t\t\t\t\t<\/li>\n\t\t\t\t\t\t\t\t<li class=\"elementor-icon-list-item\">\n\t\t\t\t\t\t\t\t\t\t\t<span class=\"elementor-icon-list-icon\">\n\t\t\t\t\t\t\t<i aria-hidden=\"true\" class=\"far fa-check-circle\"><\/i>\t\t\t\t\t\t<\/span>\n\t\t\t\t\t\t\t\t\t\t<span class=\"elementor-icon-list-text\">que bien des hommes percevraient des attitudes et des modes de communication violente comme relevant de la normalit\u00e9<\/span>\n\t\t\t\t\t\t\t\t\t<\/li>\n\t\t\t\t\t\t\t\t<li class=\"elementor-icon-list-item\">\n\t\t\t\t\t\t\t\t\t\t\t<span class=\"elementor-icon-list-icon\">\n\t\t\t\t\t\t\t<i aria-hidden=\"true\" class=\"far fa-check-circle\"><\/i>\t\t\t\t\t\t<\/span>\n\t\t\t\t\t\t\t\t\t\t<span class=\"elementor-icon-list-text\">que bien des hommes, tout en souffrant d'attitudes violentes \u00e0 leur encontre, ont tendance \u00e0 m\u00e9nager l'autre personne, a fortiori quand il s'agit d'une femme<\/span>\n\t\t\t\t\t\t\t\t\t<\/li>\n\t\t\t\t\t\t\t\t<li class=\"elementor-icon-list-item\">\n\t\t\t\t\t\t\t\t\t\t\t<span class=\"elementor-icon-list-icon\">\n\t\t\t\t\t\t\t<i aria-hidden=\"true\" class=\"far fa-check-circle\"><\/i>\t\t\t\t\t\t<\/span>\n\t\t\t\t\t\t\t\t\t\t<span class=\"elementor-icon-list-text\">et encore, qu'une conception d\u00e9su\u00e8te de la masculinit\u00e9 les emp\u00eache de souffrir, de se plaindre, voire m\u00eame de se rendre compte qu'ils sont engag\u00e9s dans une dynamique violente<\/span>\n\t\t\t\t\t\t\t\t\t<\/li>\n\t\t\t\t\t\t<\/ul>\n\t\t\t\t\t\t<\/div>\n\t\t\t\t<\/div>\n\t\t\t\t<div class=\"elementor-element elementor-element-1306b3a elementor-widget elementor-widget-text-editor\" data-id=\"1306b3a\" data-element_type=\"widget\" data-e-type=\"widget\" data-widget_type=\"text-editor.default\">\n\t\t\t\t<div class=\"elementor-widget-container\">\n\t\t\t\t\t\t\t\t\t<p>S&rsquo;il est vrai que nos clients s&rsquo;en plaignent rarement, il est tout aussi vrai que nous entendons souvent parler d&rsquo;attitudes que nous, les professionnels, qualifierions d&#8217;embl\u00e9e de violentes sur les plans psychologique ou \u00e9motionnel, alors que ce n&rsquo;est pas forc\u00e9ment le m\u00eame cas pour les concern\u00e9s. Ceux-ci expriment plut\u00f4t une anxi\u00e9t\u00e9 diffuse, dans des situations o\u00f9 par exemple sont \u00ab\u00a0mis en jeu\u00a0\u00bb les enfants dans un conflit entre adultes.<\/p>\t\t\t\t\t\t\t\t<\/div>\n\t\t\t\t<\/div>\n\t\t\t\t\t<\/div>\n\t\t<\/div>\n\t\t\t\t\t<\/div>\n\t\t<\/section>\n\t\t\t\t<section class=\"elementor-section elementor-top-section elementor-element elementor-element-82526de elementor-section-boxed elementor-section-height-default elementor-section-height-default\" data-id=\"82526de\" data-element_type=\"section\" data-e-type=\"section\" data-settings=\"{&quot;background_background&quot;:&quot;classic&quot;}\">\n\t\t\t\t\t\t<div class=\"elementor-container elementor-column-gap-no\">\n\t\t\t\t\t<div class=\"elementor-column elementor-col-100 elementor-top-column elementor-element elementor-element-b733c5f\" data-id=\"b733c5f\" data-element_type=\"column\" data-e-type=\"column\" data-settings=\"{&quot;background_background&quot;:&quot;classic&quot;}\">\n\t\t\t<div class=\"elementor-widget-wrap elementor-element-populated\">\n\t\t\t\t\t\t<div class=\"elementor-section elementor-inner-section elementor-element elementor-element-97029d4 elementor-section-content-middle elementor-section-boxed elementor-section-height-default elementor-section-height-default\" data-id=\"97029d4\" data-element_type=\"section\" data-e-type=\"section\">\n\t\t\t\t\t\t<div class=\"elementor-container elementor-column-gap-no\">\n\t\t\t\t\t<div class=\"elementor-column elementor-col-50 elementor-inner-column elementor-element elementor-element-e3362b8\" data-id=\"e3362b8\" data-element_type=\"column\" data-e-type=\"column\">\n\t\t\t<div class=\"elementor-widget-wrap elementor-element-populated\">\n\t\t\t\t\t\t<div class=\"elementor-element elementor-element-d0aafd4 elementor-widget elementor-widget-image\" data-id=\"d0aafd4\" data-element_type=\"widget\" data-e-type=\"widget\" data-widget_type=\"image.default\">\n\t\t\t\t<div class=\"elementor-widget-container\">\n\t\t\t\t\t\t\t\t\t\t\t\t\t\t\t<img decoding=\"async\" width=\"1200\" height=\"1200\" src=\"https:\/\/acttogether.lu\/wp-content\/uploads\/2023\/05\/stop-violence-man-hand.jpg\" class=\"attachment-full size-full wp-image-2407\" alt=\"\" srcset=\"https:\/\/acttogether.lu\/wp-content\/uploads\/2023\/05\/stop-violence-man-hand.jpg 1200w, https:\/\/acttogether.lu\/wp-content\/uploads\/2023\/05\/stop-violence-man-hand-300x300.jpg 300w, https:\/\/acttogether.lu\/wp-content\/uploads\/2023\/05\/stop-violence-man-hand-1024x1024.jpg 1024w, https:\/\/acttogether.lu\/wp-content\/uploads\/2023\/05\/stop-violence-man-hand-150x150.jpg 150w, https:\/\/acttogether.lu\/wp-content\/uploads\/2023\/05\/stop-violence-man-hand-768x768.jpg 768w\" sizes=\"(max-width: 1200px) 100vw, 1200px\" \/>\t\t\t\t\t\t\t\t\t\t\t\t\t\t\t<\/div>\n\t\t\t\t<\/div>\n\t\t\t\t\t<\/div>\n\t\t<\/div>\n\t\t\t\t<div class=\"elementor-column elementor-col-50 elementor-inner-column elementor-element elementor-element-867f8f6\" data-id=\"867f8f6\" data-element_type=\"column\" data-e-type=\"column\">\n\t\t\t<div class=\"elementor-widget-wrap elementor-element-populated\">\n\t\t\t\t\t\t<div class=\"elementor-element elementor-element-d648030 elementor-widget elementor-widget-heading\" data-id=\"d648030\" data-element_type=\"widget\" data-e-type=\"widget\" data-widget_type=\"heading.default\">\n\t\t\t\t<div class=\"elementor-widget-container\">\n\t\t\t\t\t<h3 class=\"elementor-heading-title elementor-size-default\">Vous vous sentez concern\u00e9 par la violence ?<\/h3>\t\t\t\t<\/div>\n\t\t\t\t<\/div>\n\t\t\t\t<div class=\"elementor-element elementor-element-ceddef3 elementor-widget elementor-widget-text-editor\" data-id=\"ceddef3\" data-element_type=\"widget\" data-e-type=\"widget\" data-widget_type=\"text-editor.default\">\n\t\t\t\t<div class=\"elementor-widget-container\">\n\t\t\t\t\t\t\t\t\t<p>Ne tardez pas \u00e0 en parler \u00e0 une personne de confiance. Ceci vaut \u00e9videmment aussi si vous souffrez de violence physique.<br \/>N&rsquo;h\u00e9sitez pas \u00e0 appeler pour faire le point et envisager des strat\u00e9gies de pacification, demandez un rendez-vous pour un ou plusieurs entretiens confidentiels et gratuits.<\/p>\t\t\t\t\t\t\t\t<\/div>\n\t\t\t\t<\/div>\n\t\t\t\t<div class=\"elementor-element elementor-element-f47eddd elementor-position-inline-start elementor-widget__width-initial elementor-view-default elementor-mobile-position-block-start elementor-widget elementor-widget-icon-box\" data-id=\"f47eddd\" data-element_type=\"widget\" data-e-type=\"widget\" data-widget_type=\"icon-box.default\">\n\t\t\t\t<div class=\"elementor-widget-container\">\n\t\t\t\t\t\t\t<div class=\"elementor-icon-box-wrapper\">\n\n\t\t\t\t\t\t<div class=\"elementor-icon-box-icon\">\n\t\t\t\t<a href=\"tel:%2000352%20274%20%20965\" class=\"elementor-icon\" tabindex=\"-1\" aria-label=\"+352 274  965\">\n\t\t\t\t<i aria-hidden=\"true\" class=\"fas fa-phone-volume\"><\/i>\t\t\t\t<\/a>\n\t\t\t<\/div>\n\t\t\t\n\t\t\t\t\t\t<div class=\"elementor-icon-box-content\">\n\n\t\t\t\t\t\t\t\t\t<h3 class=\"elementor-icon-box-title\">\n\t\t\t\t\t\t<a href=\"tel:%2000352%20274%20%20965\" >\n\t\t\t\t\t\t\t+352 274  965\t\t\t\t\t\t<\/a>\n\t\t\t\t\t<\/h3>\n\t\t\t\t\n\t\t\t\t\n\t\t\t<\/div>\n\t\t\t\n\t\t<\/div>\n\t\t\t\t\t\t<\/div>\n\t\t\t\t<\/div>\n\t\t\t\t<div class=\"elementor-element elementor-element-40a320f elementor-widget elementor-widget-text-editor\" data-id=\"40a320f\" data-element_type=\"widget\" data-e-type=\"widget\" data-widget_type=\"text-editor.default\">\n\t\t\t\t<div class=\"elementor-widget-container\">\n\t\t\t\t\t\t\t\t\t<p>Dans certains cas, infoMann peut mettre \u00e0 disposition des chambres d&rsquo;abri. Ainsi peut \u00eatre am\u00e9nag\u00e9e une p\u00e9riode de retrait et de r\u00e9orientation.<\/p>\t\t\t\t\t\t\t\t<\/div>\n\t\t\t\t<\/div>\n\t\t\t\t\t<\/div>\n\t\t<\/div>\n\t\t\t\t\t<\/div>\n\t\t<\/div>\n\t\t\t\t\t<\/div>\n\t\t<\/div>\n\t\t\t\t\t<\/div>\n\t\t<\/section>\n\t\t\t\t<\/div>\n\t\t","protected":false},"excerpt":{"rendered":"<p>Convention d&rsquo;Istanbul Pr\u00e9venons les violences en en parlant !!! D\u00e8s son pr\u00e9ambule, la convention du conseil de l&rsquo;Europe sur la pr\u00e9vention et la lutte contre la violence \u00e0 l&rsquo;\u00e9gard des femmes et la violence domestique, connue aussi comme la convention d&rsquo;Istanbul (CI), reconna\u00eet que \u00ab\u00a0&#8230;les hommes peuvent \u00e9galement \u00eatre victimes de violence domestique\u00a0\u00bb. Par cons\u00e9quent, [&hellip;]<\/p>\n","protected":false},"author":1,"featured_media":0,"parent":1801,"menu_order":0,"comment_status":"closed","ping_status":"closed","template":"elementor_header_footer","meta":{"footnotes":""},"class_list":["post-2147","page","type-page","status-publish","hentry"],"yoast_head":"<!-- This site is optimized with the Yoast SEO plugin v27.3 - https:\/\/yoast.com\/product\/yoast-seo-wordpress\/ -->\n<title>Convention d&#039;Istanbul - actTogether<\/title>\n<meta name=\"robots\" content=\"index, follow, max-snippet:-1, max-image-preview:large, max-video-preview:-1\" \/>\n<link rel=\"canonical\" href=\"https:\/\/acttogether.lu\/lu\/infomann\/convention-distanbul\/\" \/>\n<meta property=\"og:locale\" content=\"en_US\" \/>\n<meta property=\"og:type\" content=\"article\" \/>\n<meta property=\"og:title\" content=\"Convention d&#039;Istanbul - actTogether\" \/>\n<meta property=\"og:description\" content=\"Convention d&rsquo;Istanbul Pr\u00e9venons les violences en en parlant !!! D\u00e8s son pr\u00e9ambule, la convention du conseil de l&rsquo;Europe sur la pr\u00e9vention et la lutte contre la violence \u00e0 l&rsquo;\u00e9gard des femmes et la violence domestique, connue aussi comme la convention d&rsquo;Istanbul (CI), reconna\u00eet que \u00ab\u00a0&#8230;les hommes peuvent \u00e9galement \u00eatre victimes de violence domestique\u00a0\u00bb. Par cons\u00e9quent, [&hellip;]\" \/>\n<meta property=\"og:url\" content=\"https:\/\/acttogether.lu\/lu\/infomann\/convention-distanbul\/\" \/>\n<meta property=\"og:site_name\" content=\"actTogether\" \/>\n<meta property=\"article:modified_time\" content=\"2023-10-27T22:11:46+00:00\" \/>\n<meta property=\"og:image\" content=\"https:\/\/acttogether.lu\/wp-content\/uploads\/2023\/06\/men-support-color.jpg\" \/>\n<meta name=\"twitter:card\" content=\"summary_large_image\" \/>\n<meta name=\"twitter:label1\" content=\"Est. reading time\" \/>\n\t<meta name=\"twitter:data1\" content=\"3 minutes\" \/>\n<script type=\"application\/ld+json\" class=\"yoast-schema-graph\">{\"@context\":\"https:\\\/\\\/schema.org\",\"@graph\":[{\"@type\":\"WebPage\",\"@id\":\"https:\\\/\\\/acttogether.lu\\\/infomann\\\/convention-distanbul\\\/\",\"url\":\"https:\\\/\\\/acttogether.lu\\\/infomann\\\/convention-distanbul\\\/\",\"name\":\"Convention d'Istanbul - actTogether\",\"isPartOf\":{\"@id\":\"https:\\\/\\\/acttogether.lu\\\/#website\"},\"primaryImageOfPage\":{\"@id\":\"https:\\\/\\\/acttogether.lu\\\/infomann\\\/convention-distanbul\\\/#primaryimage\"},\"image\":{\"@id\":\"https:\\\/\\\/acttogether.lu\\\/infomann\\\/convention-distanbul\\\/#primaryimage\"},\"thumbnailUrl\":\"https:\\\/\\\/acttogether.lu\\\/wp-content\\\/uploads\\\/2023\\\/06\\\/men-support-color.jpg\",\"datePublished\":\"2023-05-19T18:27:10+00:00\",\"dateModified\":\"2023-10-27T22:11:46+00:00\",\"breadcrumb\":{\"@id\":\"https:\\\/\\\/acttogether.lu\\\/infomann\\\/convention-distanbul\\\/#breadcrumb\"},\"inLanguage\":\"lu-LU\",\"potentialAction\":[{\"@type\":\"ReadAction\",\"target\":[\"https:\\\/\\\/acttogether.lu\\\/infomann\\\/convention-distanbul\\\/\"]}]},{\"@type\":\"ImageObject\",\"inLanguage\":\"lu-LU\",\"@id\":\"https:\\\/\\\/acttogether.lu\\\/infomann\\\/convention-distanbul\\\/#primaryimage\",\"url\":\"https:\\\/\\\/acttogether.lu\\\/wp-content\\\/uploads\\\/2023\\\/06\\\/men-support-color.jpg\",\"contentUrl\":\"https:\\\/\\\/acttogether.lu\\\/wp-content\\\/uploads\\\/2023\\\/06\\\/men-support-color.jpg\"},{\"@type\":\"BreadcrumbList\",\"@id\":\"https:\\\/\\\/acttogether.lu\\\/infomann\\\/convention-distanbul\\\/#breadcrumb\",\"itemListElement\":[{\"@type\":\"ListItem\",\"position\":1,\"name\":\"Home\",\"item\":\"https:\\\/\\\/acttogether.lu\\\/\"},{\"@type\":\"ListItem\",\"position\":2,\"name\":\"infoMann\",\"item\":\"https:\\\/\\\/acttogether.lu\\\/infomann\\\/\"},{\"@type\":\"ListItem\",\"position\":3,\"name\":\"Convention d&#8217;Istanbul\"}]},{\"@type\":\"WebSite\",\"@id\":\"https:\\\/\\\/acttogether.lu\\\/#website\",\"url\":\"https:\\\/\\\/acttogether.lu\\\/\",\"name\":\"actTogether\",\"description\":\"Soutien des familles et des personnes en difficult\u00e9 &amp; \u00e9galit\u00e9 des genres\",\"publisher\":{\"@id\":\"https:\\\/\\\/acttogether.lu\\\/#organization\"},\"potentialAction\":[{\"@type\":\"SearchAction\",\"target\":{\"@type\":\"EntryPoint\",\"urlTemplate\":\"https:\\\/\\\/acttogether.lu\\\/?s={search_term_string}\"},\"query-input\":{\"@type\":\"PropertyValueSpecification\",\"valueRequired\":true,\"valueName\":\"search_term_string\"}}],\"inLanguage\":\"lu-LU\"},{\"@type\":\"Organization\",\"@id\":\"https:\\\/\\\/acttogether.lu\\\/#organization\",\"name\":\"actTogether\",\"url\":\"https:\\\/\\\/acttogether.lu\\\/\",\"logo\":{\"@type\":\"ImageObject\",\"inLanguage\":\"lu-LU\",\"@id\":\"https:\\\/\\\/acttogether.lu\\\/#\\\/schema\\\/logo\\\/image\\\/\",\"url\":\"https:\\\/\\\/acttogether.lu\\\/wp-content\\\/uploads\\\/2023\\\/05\\\/actTogether.png\",\"contentUrl\":\"https:\\\/\\\/acttogether.lu\\\/wp-content\\\/uploads\\\/2023\\\/05\\\/actTogether.png\",\"width\":600,\"height\":172,\"caption\":\"actTogether\"},\"image\":{\"@id\":\"https:\\\/\\\/acttogether.lu\\\/#\\\/schema\\\/logo\\\/image\\\/\"}}]}<\/script>\n<!-- \/ Yoast SEO plugin. -->","yoast_head_json":{"title":"Convention d'Istanbul - actTogether","robots":{"index":"index","follow":"follow","max-snippet":"max-snippet:-1","max-image-preview":"max-image-preview:large","max-video-preview":"max-video-preview:-1"},"canonical":"https:\/\/acttogether.lu\/lu\/infomann\/convention-distanbul\/","og_locale":"en_US","og_type":"article","og_title":"Convention d'Istanbul - actTogether","og_description":"Convention d&rsquo;Istanbul Pr\u00e9venons les violences en en parlant !!! D\u00e8s son pr\u00e9ambule, la convention du conseil de l&rsquo;Europe sur la pr\u00e9vention et la lutte contre la violence \u00e0 l&rsquo;\u00e9gard des femmes et la violence domestique, connue aussi comme la convention d&rsquo;Istanbul (CI), reconna\u00eet que \u00ab\u00a0&#8230;les hommes peuvent \u00e9galement \u00eatre victimes de violence domestique\u00a0\u00bb. Par cons\u00e9quent, [&hellip;]","og_url":"https:\/\/acttogether.lu\/lu\/infomann\/convention-distanbul\/","og_site_name":"actTogether","article_modified_time":"2023-10-27T22:11:46+00:00","og_image":[{"url":"https:\/\/acttogether.lu\/wp-content\/uploads\/2023\/06\/men-support-color.jpg","type":"","width":"","height":""}],"twitter_card":"summary_large_image","twitter_misc":{"Est. reading time":"3 minutes"},"schema":{"@context":"https:\/\/schema.org","@graph":[{"@type":"WebPage","@id":"https:\/\/acttogether.lu\/infomann\/convention-distanbul\/","url":"https:\/\/acttogether.lu\/infomann\/convention-distanbul\/","name":"Convention d'Istanbul - actTogether","isPartOf":{"@id":"https:\/\/acttogether.lu\/#website"},"primaryImageOfPage":{"@id":"https:\/\/acttogether.lu\/infomann\/convention-distanbul\/#primaryimage"},"image":{"@id":"https:\/\/acttogether.lu\/infomann\/convention-distanbul\/#primaryimage"},"thumbnailUrl":"https:\/\/acttogether.lu\/wp-content\/uploads\/2023\/06\/men-support-color.jpg","datePublished":"2023-05-19T18:27:10+00:00","dateModified":"2023-10-27T22:11:46+00:00","breadcrumb":{"@id":"https:\/\/acttogether.lu\/infomann\/convention-distanbul\/#breadcrumb"},"inLanguage":"lu-LU","potentialAction":[{"@type":"ReadAction","target":["https:\/\/acttogether.lu\/infomann\/convention-distanbul\/"]}]},{"@type":"ImageObject","inLanguage":"lu-LU","@id":"https:\/\/acttogether.lu\/infomann\/convention-distanbul\/#primaryimage","url":"https:\/\/acttogether.lu\/wp-content\/uploads\/2023\/06\/men-support-color.jpg","contentUrl":"https:\/\/acttogether.lu\/wp-content\/uploads\/2023\/06\/men-support-color.jpg"},{"@type":"BreadcrumbList","@id":"https:\/\/acttogether.lu\/infomann\/convention-distanbul\/#breadcrumb","itemListElement":[{"@type":"ListItem","position":1,"name":"Home","item":"https:\/\/acttogether.lu\/"},{"@type":"ListItem","position":2,"name":"infoMann","item":"https:\/\/acttogether.lu\/infomann\/"},{"@type":"ListItem","position":3,"name":"Convention d&#8217;Istanbul"}]},{"@type":"WebSite","@id":"https:\/\/acttogether.lu\/#website","url":"https:\/\/acttogether.lu\/","name":"actTogether","description":"Soutien des familles et des personnes en difficult\u00e9 &amp; \u00e9galit\u00e9 des genres","publisher":{"@id":"https:\/\/acttogether.lu\/#organization"},"potentialAction":[{"@type":"SearchAction","target":{"@type":"EntryPoint","urlTemplate":"https:\/\/acttogether.lu\/?s={search_term_string}"},"query-input":{"@type":"PropertyValueSpecification","valueRequired":true,"valueName":"search_term_string"}}],"inLanguage":"lu-LU"},{"@type":"Organization","@id":"https:\/\/acttogether.lu\/#organization","name":"actTogether","url":"https:\/\/acttogether.lu\/","logo":{"@type":"ImageObject","inLanguage":"lu-LU","@id":"https:\/\/acttogether.lu\/#\/schema\/logo\/image\/","url":"https:\/\/acttogether.lu\/wp-content\/uploads\/2023\/05\/actTogether.png","contentUrl":"https:\/\/acttogether.lu\/wp-content\/uploads\/2023\/05\/actTogether.png","width":600,"height":172,"caption":"actTogether"},"image":{"@id":"https:\/\/acttogether.lu\/#\/schema\/logo\/image\/"}}]}},"_links":{"self":[{"href":"https:\/\/acttogether.lu\/lu\/wp-json\/wp\/v2\/pages\/2147","targetHints":{"allow":["GET"]}}],"collection":[{"href":"https:\/\/acttogether.lu\/lu\/wp-json\/wp\/v2\/pages"}],"about":[{"href":"https:\/\/acttogether.lu\/lu\/wp-json\/wp\/v2\/types\/page"}],"author":[{"embeddable":true,"href":"https:\/\/acttogether.lu\/lu\/wp-json\/wp\/v2\/users\/1"}],"replies":[{"embeddable":true,"href":"https:\/\/acttogether.lu\/lu\/wp-json\/wp\/v2\/comments?post=2147"}],"version-history":[{"count":52,"href":"https:\/\/acttogether.lu\/lu\/wp-json\/wp\/v2\/pages\/2147\/revisions"}],"predecessor-version":[{"id":5026,"href":"https:\/\/acttogether.lu\/lu\/wp-json\/wp\/v2\/pages\/2147\/revisions\/5026"}],"up":[{"embeddable":true,"href":"https:\/\/acttogether.lu\/lu\/wp-json\/wp\/v2\/pages\/1801"}],"wp:attachment":[{"href":"https:\/\/acttogether.lu\/lu\/wp-json\/wp\/v2\/media?parent=2147"}],"curies":[{"name":"wp","href":"https:\/\/api.w.org\/{rel}","templated":true}]}}